{"id":15,"date":"2020-12-03T10:08:46","date_gmt":"2020-12-03T09:08:46","guid":{"rendered":"http:\/\/artsook.cluster030.hosting.ovh.net\/?page_id=15"},"modified":"2025-02-10T19:53:45","modified_gmt":"2025-02-10T18:53:45","slug":"contact","status":"publish","type":"page","link":"https:\/\/www.artso.org\/index.php\/contact\/","title":{"rendered":"Contact"},"content":{"rendered":"\n<p class=\"has-text-align-center\"><strong>Art\u2019So<\/strong>, agence d&rsquo;ing\u00e9nierie culturelle, accompagne vos \u00e9v\u00e9nements et projets artistiques. <strong><a href=\"https:\/\/www.linkedin.com\/in\/florian-neveu\/\">Florian Neveu<\/a><\/strong>, directeur artistique de l&rsquo;agence, est \u00e0 votre \u00e9coute pour construire votre projet.<\/p>\n\n\n\n<p class=\"has-text-align-center\"><strong>Des solutions sur-mesure pour\u2026<\/strong><\/p>\n\n\n\n<p><strong>Affirmer vos valeurs et votre engagement <\/strong>Cr\u00e9ation d\u2019expo, fresques monumentales, <strong>Street art, <\/strong>performances, \u00e9ditions artistiques\u2026<\/p>\n\n\n\n<p><strong>F\u00e9d\u00e9rer autour de votre projet <br><\/strong>Sc\u00e9nographie immersive, ateliers participatifs,<strong> <\/strong>communication digitale et \u00e9v\u00e9nementielle, team building\u2026&nbsp;<\/p>\n\n\n\n<p><strong>Structurer et amplifier votre impact<\/strong><br>R\u00e9seau d\u2019artistes, experts, journalisme, droit et fiscalit\u00e9, \u00e9dition et m\u00e9c\u00e9nat\u2026<\/p>\n\n\n\n<p class=\"has-text-align-center\"><strong>Pourquoi choisir Art\u2019So pour votre projet ?<\/strong><\/p>\n\n\n\n<p><strong>\u2022 Une expertise reconnue :<\/strong> nous accompagnons des partenaires majeurs comme la ville de Roubaix, Lille M\u00e9tropole Habitat, BNP Immobilier, le Secours populaire, Indigo Park, l\u2019artiste Jef A\u00e9rosol\u2026<\/p>\n\n\n\n<p><strong>\u2022 Une approche cl\u00e9 en main : <\/strong>de la conception \u00e0 la r\u00e9alisation, en passant par la coordination, nous vous garantissons une ex\u00e9cution sans faille.<\/p>\n\n\n\n<p><strong>\u2022 Un impact tangible :<\/strong> nos projets artistiques sont pens\u00e9s pour cr\u00e9er du lien, faire r\u00e9fl\u00e9chir, transformer l\u2019espace, changer le regard ou agir et donner du sens.<\/p>\n\n\n\n<p class=\"has-text-align-left\"><strong>Vous avez un projet artistique \u00e0 concr\u00e9tiser ?<br>C\u2019est le moment d\u2019en parler ensemble !<\/strong><\/p>\n\n\n\n<hr class=\"wp-block-separator has-css-opacity\"\/>\n\n\n\n<p>Art&rsquo;So<br>60 rue du March\u00e9<br>59000 Lille<br>Tel : 06 76 99 19 31<br>Mel : contact@artso.org<\/p>\n\n\n\n<div class=\"wp-block-contact-form-7-contact-form-selector\">\n<div class=\"wpcf7 no-js\" id=\"wpcf7-f31-o1\" lang=\"fr-FR\" dir=\"ltr\" data-wpcf7-id=\"31\">\n<div class=\"screen-reader-response\"><p role=\"status\" aria-live=\"polite\" aria-atomic=\"true\"><\/p> <ul><\/ul><\/div>\n<form action=\"\/index.php\/wp-json\/wp\/v2\/pages\/15#wpcf7-f31-o1\" method=\"post\" class=\"wpcf7-form init\" aria-label=\"Formulaire de contact\" novalidate=\"novalidate\" data-status=\"init\">\n<fieldset class=\"hidden-fields-container\"><input type=\"hidden\" name=\"_wpcf7\" value=\"31\" \/><input type=\"hidden\" name=\"_wpcf7_version\" value=\"6.1.5\" \/><input type=\"hidden\" name=\"_wpcf7_locale\" value=\"fr_FR\" \/><input type=\"hidden\" name=\"_wpcf7_unit_tag\" value=\"wpcf7-f31-o1\" \/><input type=\"hidden\" name=\"_wpcf7_container_post\" value=\"0\" \/><input type=\"hidden\" name=\"_wpcf7_posted_data_hash\" value=\"\" \/>\n<\/fieldset>\n<p><label> Votre nom<br \/>\n<span class=\"wpcf7-form-control-wrap\" data-name=\"your-name\"><input size=\"40\" maxlength=\"400\" class=\"wpcf7-form-control wpcf7-text wpcf7-validates-as-required\" aria-required=\"true\" aria-invalid=\"false\" value=\"\" type=\"text\" name=\"your-name\" \/><\/span> <\/label>\n<\/p>\n<p><label> email<br \/>\n<span class=\"wpcf7-form-control-wrap\" data-name=\"your-email\"><input size=\"40\" maxlength=\"400\" class=\"wpcf7-form-control wpcf7-email wpcf7-validates-as-required wpcf7-text wpcf7-validates-as-email\" aria-required=\"true\" aria-invalid=\"false\" value=\"\" type=\"email\" name=\"your-email\" \/><\/span> <\/label>\n<\/p>\n<p><label> t\u00e9l\u00e9phone<br \/>\n<span class=\"wpcf7-form-control-wrap\" data-name=\"tel-272\"><input size=\"40\" maxlength=\"400\" class=\"wpcf7-form-control wpcf7-tel wpcf7-text wpcf7-validates-as-tel\" aria-invalid=\"false\" value=\"\" type=\"tel\" name=\"tel-272\" \/><\/span> <\/label>\n<\/p>\n<p><label> Votre message<br \/>\n<span class=\"wpcf7-form-control-wrap\" data-name=\"your-message\"><textarea cols=\"40\" rows=\"10\" maxlength=\"2000\" class=\"wpcf7-form-control wpcf7-textarea\" aria-invalid=\"false\" name=\"your-message\"><\/textarea><\/span> <\/label>\n<\/p>\n<p><input class=\"wpcf7-form-control wpcf7-submit has-spinner\" type=\"submit\" value=\"Envoyer\" \/>\n<\/p><div class=\"wpcf7-response-output\" aria-hidden=\"true\"><\/div>\n<\/form>\n<\/div>\n<\/div>\n\n\n\n<hr class=\"wp-block-separator has-css-opacity\"\/>\n\n\n\n<p class=\"has-text-align-center has-larger-font-size\"><strong>Ils nous font confiance<\/strong><\/p>\n\n\n\n<p><\/p>\n\n\n\n<div class=\"wp-block-group\"><div class=\"wp-block-group__inner-container is-layout-flow wp-block-group-is-layout-flow\">\n<figure class=\"wp-block-gallery has-nested-images columns-default wp-block-gallery-1 is-layout-flex wp-block-gallery-is-layout-flex\">\n<figure class=\"wp-block-image size-full\"><img decoding=\"async\" width=\"1000\" height=\"1000\" data-id=\"6324\" data-src=\"https:\/\/www.artso.org\/wp-content\/uploads\/2025\/02\/BNP-PARIBAS-IMMO.jpg\" alt=\"\" class=\"wp-image-6324 lazyload\" data-srcset=\"https:\/\/www.artso.org\/wp-content\/uploads\/2025\/02\/BNP-PARIBAS-IMMO.jpg 1000w, https:\/\/www.artso.org\/wp-content\/uploads\/2025\/02\/BNP-PARIBAS-IMMO-300x300.jpg 300w, https:\/\/www.artso.org\/wp-content\/uploads\/2025\/02\/BNP-PARIBAS-IMMO-150x150.jpg 150w, https:\/\/www.artso.org\/wp-content\/uploads\/2025\/02\/BNP-PARIBAS-IMMO-768x768.jpg 768w\" data-sizes=\"(max-width: 1000px) 100vw, 1000px\" src=\"data:image\/svg+xml;base64,PHN2ZyB3aWR0aD0iMSIgaGVpZ2h0PSIxIiB4bWxucz0iaHR0cDovL3d3dy53My5vcmcvMjAwMC9zdmciPjwvc3ZnPg==\" style=\"--smush-placeholder-width: 1000px; --smush-placeholder-aspect-ratio: 1000\/1000;\" \/><\/figure>\n\n\n\n<figure class=\"wp-block-image size-full\"><img decoding=\"async\" width=\"768\" height=\"379\" data-id=\"6323\" data-src=\"https:\/\/www.artso.org\/wp-content\/uploads\/2025\/02\/logo_la_fabrique.png\" alt=\"\" class=\"wp-image-6323 lazyload\" data-srcset=\"https:\/\/www.artso.org\/wp-content\/uploads\/2025\/02\/logo_la_fabrique.png 768w, https:\/\/www.artso.org\/wp-content\/uploads\/2025\/02\/logo_la_fabrique-300x148.png 300w\" data-sizes=\"(max-width: 768px) 100vw, 768px\" src=\"data:image\/svg+xml;base64,PHN2ZyB3aWR0aD0iMSIgaGVpZ2h0PSIxIiB4bWxucz0iaHR0cDovL3d3dy53My5vcmcvMjAwMC9zdmciPjwvc3ZnPg==\" style=\"--smush-placeholder-width: 768px; --smush-placeholder-aspect-ratio: 768\/379;\" \/><\/figure>\n\n\n\n<figure class=\"wp-block-image size-full\"><img decoding=\"async\" width=\"1560\" height=\"1560\" data-id=\"438\" data-src=\"https:\/\/www.artso.org\/wp-content\/uploads\/2020\/12\/Logo-SPF-rond-13x13@300dpi-3.png\" alt=\"\" class=\"wp-image-438 lazyload\" data-srcset=\"https:\/\/www.artso.org\/wp-content\/uploads\/2020\/12\/Logo-SPF-rond-13x13@300dpi-3.png 1560w, https:\/\/www.artso.org\/wp-content\/uploads\/2020\/12\/Logo-SPF-rond-13x13@300dpi-3-300x300.png 300w, https:\/\/www.artso.org\/wp-content\/uploads\/2020\/12\/Logo-SPF-rond-13x13@300dpi-3-1024x1024.png 1024w, https:\/\/www.artso.org\/wp-content\/uploads\/2020\/12\/Logo-SPF-rond-13x13@300dpi-3-150x150.png 150w, https:\/\/www.artso.org\/wp-content\/uploads\/2020\/12\/Logo-SPF-rond-13x13@300dpi-3-768x768.png 768w, https:\/\/www.artso.org\/wp-content\/uploads\/2020\/12\/Logo-SPF-rond-13x13@300dpi-3-1536x1536.png 1536w, https:\/\/www.artso.org\/wp-content\/uploads\/2020\/12\/Logo-SPF-rond-13x13@300dpi-3-1200x1200.png 1200w\" data-sizes=\"(max-width: 1560px) 100vw, 1560px\" src=\"data:image\/svg+xml;base64,PHN2ZyB3aWR0aD0iMSIgaGVpZ2h0PSIxIiB4bWxucz0iaHR0cDovL3d3dy53My5vcmcvMjAwMC9zdmciPjwvc3ZnPg==\" style=\"--smush-placeholder-width: 1560px; --smush-placeholder-aspect-ratio: 1560\/1560;\" \/><\/figure>\n\n\n\n<figure class=\"wp-block-image size-full\"><img decoding=\"async\" width=\"2150\" height=\"1563\" data-id=\"6330\" data-src=\"https:\/\/www.artso.org\/wp-content\/uploads\/2025\/02\/UICN-logo.png\" alt=\"\" class=\"wp-image-6330 lazyload\" data-srcset=\"https:\/\/www.artso.org\/wp-content\/uploads\/2025\/02\/UICN-logo.png 2150w, https:\/\/www.artso.org\/wp-content\/uploads\/2025\/02\/UICN-logo-300x218.png 300w, https:\/\/www.artso.org\/wp-content\/uploads\/2025\/02\/UICN-logo-1024x744.png 1024w, https:\/\/www.artso.org\/wp-content\/uploads\/2025\/02\/UICN-logo-768x558.png 768w, https:\/\/www.artso.org\/wp-content\/uploads\/2025\/02\/UICN-logo-1536x1117.png 1536w, https:\/\/www.artso.org\/wp-content\/uploads\/2025\/02\/UICN-logo-2048x1489.png 2048w, https:\/\/www.artso.org\/wp-content\/uploads\/2025\/02\/UICN-logo-1200x872.png 1200w, https:\/\/www.artso.org\/wp-content\/uploads\/2025\/02\/UICN-logo-1860x1352.png 1860w\" data-sizes=\"(max-width: 2150px) 100vw, 2150px\" src=\"data:image\/svg+xml;base64,PHN2ZyB3aWR0aD0iMSIgaGVpZ2h0PSIxIiB4bWxucz0iaHR0cDovL3d3dy53My5vcmcvMjAwMC9zdmciPjwvc3ZnPg==\" style=\"--smush-placeholder-width: 2150px; --smush-placeholder-aspect-ratio: 2150\/1563;\" \/><\/figure>\n\n\n\n<figure class=\"wp-block-image size-full\"><img decoding=\"async\" width=\"300\" height=\"102\" data-id=\"430\" data-src=\"https:\/\/www.artso.org\/wp-content\/uploads\/2020\/12\/ARTUTTI-LOGO-1.png\" alt=\"\" class=\"wp-image-430 lazyload\" src=\"data:image\/svg+xml;base64,PHN2ZyB3aWR0aD0iMSIgaGVpZ2h0PSIxIiB4bWxucz0iaHR0cDovL3d3dy53My5vcmcvMjAwMC9zdmciPjwvc3ZnPg==\" style=\"--smush-placeholder-width: 300px; --smush-placeholder-aspect-ratio: 300\/102;\" \/><\/figure>\n\n\n\n<figure class=\"wp-block-image size-full\"><img decoding=\"async\" width=\"1170\" height=\"677\" data-id=\"6322\" data-src=\"https:\/\/www.artso.org\/wp-content\/uploads\/2025\/02\/Logo-LMH.png\" alt=\"\" class=\"wp-image-6322 lazyload\" data-srcset=\"https:\/\/www.artso.org\/wp-content\/uploads\/2025\/02\/Logo-LMH.png 1170w, https:\/\/www.artso.org\/wp-content\/uploads\/2025\/02\/Logo-LMH-300x174.png 300w, https:\/\/www.artso.org\/wp-content\/uploads\/2025\/02\/Logo-LMH-1024x593.png 1024w, https:\/\/www.artso.org\/wp-content\/uploads\/2025\/02\/Logo-LMH-768x444.png 768w\" data-sizes=\"(max-width: 1170px) 100vw, 1170px\" src=\"data:image\/svg+xml;base64,PHN2ZyB3aWR0aD0iMSIgaGVpZ2h0PSIxIiB4bWxucz0iaHR0cDovL3d3dy53My5vcmcvMjAwMC9zdmciPjwvc3ZnPg==\" style=\"--smush-placeholder-width: 1170px; --smush-placeholder-aspect-ratio: 1170\/677;\" \/><\/figure>\n\n\n\n<figure class=\"wp-block-image size-full\"><img decoding=\"async\" width=\"295\" height=\"151\" data-id=\"337\" data-src=\"https:\/\/www.artso.org\/wp-content\/uploads\/2020\/12\/Marcq-en-baroeul.jpg\" alt=\"\" class=\"wp-image-337 lazyload\" src=\"data:image\/svg+xml;base64,PHN2ZyB3aWR0aD0iMSIgaGVpZ2h0PSIxIiB4bWxucz0iaHR0cDovL3d3dy53My5vcmcvMjAwMC9zdmciPjwvc3ZnPg==\" style=\"--smush-placeholder-width: 295px; --smush-placeholder-aspect-ratio: 295\/151;\" \/><\/figure>\n\n\n\n<figure class=\"wp-block-image size-full\"><img decoding=\"async\" width=\"1280\" height=\"344\" data-id=\"751\" data-src=\"https:\/\/www.artso.org\/wp-content\/uploads\/2021\/01\/Bagneux_92.svg_.png\" alt=\"\" class=\"wp-image-751 lazyload\" data-srcset=\"https:\/\/www.artso.org\/wp-content\/uploads\/2021\/01\/Bagneux_92.svg_.png 1280w, https:\/\/www.artso.org\/wp-content\/uploads\/2021\/01\/Bagneux_92.svg_-300x81.png 300w, https:\/\/www.artso.org\/wp-content\/uploads\/2021\/01\/Bagneux_92.svg_-1024x275.png 1024w, https:\/\/www.artso.org\/wp-content\/uploads\/2021\/01\/Bagneux_92.svg_-768x206.png 768w, https:\/\/www.artso.org\/wp-content\/uploads\/2021\/01\/Bagneux_92.svg_-1200x323.png 1200w\" data-sizes=\"(max-width: 1280px) 100vw, 1280px\" src=\"data:image\/svg+xml;base64,PHN2ZyB3aWR0aD0iMSIgaGVpZ2h0PSIxIiB4bWxucz0iaHR0cDovL3d3dy53My5vcmcvMjAwMC9zdmciPjwvc3ZnPg==\" style=\"--smush-placeholder-width: 1280px; --smush-placeholder-aspect-ratio: 1280\/344;\" \/><\/figure>\n\n\n\n<figure class=\"wp-block-image size-full\"><img decoding=\"async\" width=\"400\" height=\"400\" data-id=\"752\" data-src=\"https:\/\/www.artso.org\/wp-content\/uploads\/2021\/01\/Assemblee-Nationale-logo.jpg\" alt=\"\" class=\"wp-image-752 lazyload\" data-srcset=\"https:\/\/www.artso.org\/wp-content\/uploads\/2021\/01\/Assemblee-Nationale-logo.jpg 400w, https:\/\/www.artso.org\/wp-content\/uploads\/2021\/01\/Assemblee-Nationale-logo-300x300.jpg 300w, https:\/\/www.artso.org\/wp-content\/uploads\/2021\/01\/Assemblee-Nationale-logo-150x150.jpg 150w\" data-sizes=\"(max-width: 400px) 100vw, 400px\" src=\"data:image\/svg+xml;base64,PHN2ZyB3aWR0aD0iMSIgaGVpZ2h0PSIxIiB4bWxucz0iaHR0cDovL3d3dy53My5vcmcvMjAwMC9zdmciPjwvc3ZnPg==\" style=\"--smush-placeholder-width: 400px; --smush-placeholder-aspect-ratio: 400\/400;\" \/><\/figure>\n\n\n\n<figure class=\"wp-block-image size-full\"><img decoding=\"async\" width=\"1240\" height=\"1037\" data-id=\"754\" data-src=\"https:\/\/www.artso.org\/wp-content\/uploads\/2021\/01\/La-Piscine-Logo-2.jpg\" alt=\"\" class=\"wp-image-754 lazyload\" data-srcset=\"https:\/\/www.artso.org\/wp-content\/uploads\/2021\/01\/La-Piscine-Logo-2.jpg 1240w, https:\/\/www.artso.org\/wp-content\/uploads\/2021\/01\/La-Piscine-Logo-2-300x251.jpg 300w, https:\/\/www.artso.org\/wp-content\/uploads\/2021\/01\/La-Piscine-Logo-2-1024x856.jpg 1024w, https:\/\/www.artso.org\/wp-content\/uploads\/2021\/01\/La-Piscine-Logo-2-768x642.jpg 768w, https:\/\/www.artso.org\/wp-content\/uploads\/2021\/01\/La-Piscine-Logo-2-1200x1004.jpg 1200w\" data-sizes=\"(max-width: 1240px) 100vw, 1240px\" src=\"data:image\/svg+xml;base64,PHN2ZyB3aWR0aD0iMSIgaGVpZ2h0PSIxIiB4bWxucz0iaHR0cDovL3d3dy53My5vcmcvMjAwMC9zdmciPjwvc3ZnPg==\" style=\"--smush-placeholder-width: 1240px; --smush-placeholder-aspect-ratio: 1240\/1037;\" \/><\/figure>\n\n\n\n<figure class=\"wp-block-image size-full\"><img decoding=\"async\" width=\"2560\" height=\"817\" data-id=\"6326\" data-src=\"https:\/\/www.artso.org\/wp-content\/uploads\/2025\/02\/PARCELLE_MUSEE_LOGO-1-scaled.jpg\" alt=\"\" class=\"wp-image-6326 lazyload\" data-srcset=\"https:\/\/www.artso.org\/wp-content\/uploads\/2025\/02\/PARCELLE_MUSEE_LOGO-1-scaled.jpg 2560w, https:\/\/www.artso.org\/wp-content\/uploads\/2025\/02\/PARCELLE_MUSEE_LOGO-1-300x96.jpg 300w, https:\/\/www.artso.org\/wp-content\/uploads\/2025\/02\/PARCELLE_MUSEE_LOGO-1-1024x327.jpg 1024w, https:\/\/www.artso.org\/wp-content\/uploads\/2025\/02\/PARCELLE_MUSEE_LOGO-1-768x245.jpg 768w, https:\/\/www.artso.org\/wp-content\/uploads\/2025\/02\/PARCELLE_MUSEE_LOGO-1-1536x490.jpg 1536w, https:\/\/www.artso.org\/wp-content\/uploads\/2025\/02\/PARCELLE_MUSEE_LOGO-1-2048x653.jpg 2048w, https:\/\/www.artso.org\/wp-content\/uploads\/2025\/02\/PARCELLE_MUSEE_LOGO-1-1200x383.jpg 1200w, https:\/\/www.artso.org\/wp-content\/uploads\/2025\/02\/PARCELLE_MUSEE_LOGO-1-1860x593.jpg 1860w\" data-sizes=\"(max-width: 2560px) 100vw, 2560px\" src=\"data:image\/svg+xml;base64,PHN2ZyB3aWR0aD0iMSIgaGVpZ2h0PSIxIiB4bWxucz0iaHR0cDovL3d3dy53My5vcmcvMjAwMC9zdmciPjwvc3ZnPg==\" style=\"--smush-placeholder-width: 2560px; --smush-placeholder-aspect-ratio: 2560\/817;\" \/><\/figure>\n\n\n\n<figure class=\"wp-block-image size-full\"><img decoding=\"async\" width=\"276\" height=\"276\" data-id=\"376\" data-src=\"https:\/\/www.artso.org\/wp-content\/uploads\/2020\/12\/meert.png\" alt=\"\" class=\"wp-image-376 lazyload\" data-srcset=\"https:\/\/www.artso.org\/wp-content\/uploads\/2020\/12\/meert.png 276w, https:\/\/www.artso.org\/wp-content\/uploads\/2020\/12\/meert-150x150.png 150w\" data-sizes=\"(max-width: 276px) 100vw, 276px\" src=\"data:image\/svg+xml;base64,PHN2ZyB3aWR0aD0iMSIgaGVpZ2h0PSIxIiB4bWxucz0iaHR0cDovL3d3dy53My5vcmcvMjAwMC9zdmciPjwvc3ZnPg==\" style=\"--smush-placeholder-width: 276px; --smush-placeholder-aspect-ratio: 276\/276;\" \/><\/figure>\n\n\n\n<figure class=\"wp-block-image size-full\"><img decoding=\"async\" width=\"941\" height=\"671\" data-id=\"3781\" data-src=\"https:\/\/www.artso.org\/wp-content\/uploads\/2023\/10\/Ville-de-Roubaix-Logo.png\" alt=\"\" class=\"wp-image-3781 lazyload\" data-srcset=\"https:\/\/www.artso.org\/wp-content\/uploads\/2023\/10\/Ville-de-Roubaix-Logo.png 941w, https:\/\/www.artso.org\/wp-content\/uploads\/2023\/10\/Ville-de-Roubaix-Logo-300x214.png 300w, https:\/\/www.artso.org\/wp-content\/uploads\/2023\/10\/Ville-de-Roubaix-Logo-768x548.png 768w\" data-sizes=\"(max-width: 941px) 100vw, 941px\" src=\"data:image\/svg+xml;base64,PHN2ZyB3aWR0aD0iMSIgaGVpZ2h0PSIxIiB4bWxucz0iaHR0cDovL3d3dy53My5vcmcvMjAwMC9zdmciPjwvc3ZnPg==\" style=\"--smush-placeholder-width: 941px; --smush-placeholder-aspect-ratio: 941\/671;\" \/><\/figure>\n\n\n\n<figure class=\"wp-block-image size-full\"><img decoding=\"async\" width=\"1873\" height=\"1873\" data-id=\"3817\" data-src=\"https:\/\/www.artso.org\/wp-content\/uploads\/2023\/10\/Logo-Ville-de-Lille-Rouge.png\" alt=\"\" class=\"wp-image-3817 lazyload\" data-srcset=\"https:\/\/www.artso.org\/wp-content\/uploads\/2023\/10\/Logo-Ville-de-Lille-Rouge.png 1873w, https:\/\/www.artso.org\/wp-content\/uploads\/2023\/10\/Logo-Ville-de-Lille-Rouge-300x300.png 300w, https:\/\/www.artso.org\/wp-content\/uploads\/2023\/10\/Logo-Ville-de-Lille-Rouge-1024x1024.png 1024w, https:\/\/www.artso.org\/wp-content\/uploads\/2023\/10\/Logo-Ville-de-Lille-Rouge-150x150.png 150w, https:\/\/www.artso.org\/wp-content\/uploads\/2023\/10\/Logo-Ville-de-Lille-Rouge-768x768.png 768w, https:\/\/www.artso.org\/wp-content\/uploads\/2023\/10\/Logo-Ville-de-Lille-Rouge-1536x1536.png 1536w, https:\/\/www.artso.org\/wp-content\/uploads\/2023\/10\/Logo-Ville-de-Lille-Rouge-1200x1200.png 1200w, https:\/\/www.artso.org\/wp-content\/uploads\/2023\/10\/Logo-Ville-de-Lille-Rouge-1860x1860.png 1860w\" data-sizes=\"(max-width: 1873px) 100vw, 1873px\" src=\"data:image\/svg+xml;base64,PHN2ZyB3aWR0aD0iMSIgaGVpZ2h0PSIxIiB4bWxucz0iaHR0cDovL3d3dy53My5vcmcvMjAwMC9zdmciPjwvc3ZnPg==\" style=\"--smush-placeholder-width: 1873px; --smush-placeholder-aspect-ratio: 1873\/1873;\" \/><\/figure>\n\n\n\n<figure class=\"wp-block-image size-full\"><img decoding=\"async\" width=\"641\" height=\"192\" data-id=\"6325\" data-src=\"https:\/\/www.artso.org\/wp-content\/uploads\/2025\/02\/MIAM.png\" alt=\"\" class=\"wp-image-6325 lazyload\" data-srcset=\"https:\/\/www.artso.org\/wp-content\/uploads\/2025\/02\/MIAM.png 641w, https:\/\/www.artso.org\/wp-content\/uploads\/2025\/02\/MIAM-300x90.png 300w\" data-sizes=\"(max-width: 641px) 100vw, 641px\" src=\"data:image\/svg+xml;base64,PHN2ZyB3aWR0aD0iMSIgaGVpZ2h0PSIxIiB4bWxucz0iaHR0cDovL3d3dy53My5vcmcvMjAwMC9zdmciPjwvc3ZnPg==\" style=\"--smush-placeholder-width: 641px; --smush-placeholder-aspect-ratio: 641\/192;\" \/><\/figure>\n<\/figure>\n<\/div><\/div>\n\n\n\n<p><\/p>\n","protected":false},"excerpt":{"rendered":"<p>Art\u2019So, agence d&rsquo;ing\u00e9nierie culturelle, accompagne vos \u00e9v\u00e9nements et projets artistiques. Florian Neveu, directeur artistique de l&rsquo;agence, est \u00e0 votre \u00e9coute pour construire votre projet. Des solutions sur-mesure pour\u2026 Affirmer vos valeurs et votre engagement Cr\u00e9ation d\u2019expo, fresques monumentales, Street art, performances, \u00e9ditions artistiques\u2026 F\u00e9d\u00e9rer autour de votre projet Sc\u00e9nographie immersive, ateliers participatifs, communication digitale et [&hellip;]<\/p>\n","protected":false},"author":1,"featured_media":0,"parent":0,"menu_order":5,"comment_status":"closed","ping_status":"closed","template":"","meta":{"footnotes":""},"class_list":["post-15","page","type-page","status-publish","hentry","missing-thumbnail"],"_links":{"self":[{"href":"https:\/\/www.artso.org\/index.php\/wp-json\/wp\/v2\/pages\/15","targetHints":{"allow":["GET"]}}],"collection":[{"href":"https:\/\/www.artso.org\/index.php\/wp-json\/wp\/v2\/pages"}],"about":[{"href":"https:\/\/www.artso.org\/index.php\/wp-json\/wp\/v2\/types\/page"}],"author":[{"embeddable":true,"href":"https:\/\/www.artso.org\/index.php\/wp-json\/wp\/v2\/users\/1"}],"replies":[{"embeddable":true,"href":"https:\/\/www.artso.org\/index.php\/wp-json\/wp\/v2\/comments?post=15"}],"version-history":[{"count":20,"href":"https:\/\/www.artso.org\/index.php\/wp-json\/wp\/v2\/pages\/15\/revisions"}],"predecessor-version":[{"id":6335,"href":"https:\/\/www.artso.org\/index.php\/wp-json\/wp\/v2\/pages\/15\/revisions\/6335"}],"wp:attachment":[{"href":"https:\/\/www.artso.org\/index.php\/wp-json\/wp\/v2\/media?parent=15"}],"curies":[{"name":"wp","href":"https:\/\/api.w.org\/{rel}","templated":true}]}}