{"id":2,"date":"2020-12-03T09:28:28","date_gmt":"2020-12-03T08:28:28","guid":{"rendered":"http:\/\/artsook.cluster030.hosting.ovh.net\/?page_id=2"},"modified":"2025-10-12T17:48:51","modified_gmt":"2025-10-12T15:48:51","slug":"accueil","status":"publish","type":"page","link":"https:\/\/www.artso.org\/","title":{"rendered":"L\u2019art au service de vos projets"},"content":{"rendered":"<blockquote><p>Transformez-les en exp\u00e9riences artistiques m\u00e9morables <strong>avec l\u2019agence Art\u2019So !<\/strong><\/p><\/blockquote>\n<p><strong>L&rsquo;art est un puissant vecteur d&rsquo;\u00e9motion et d&rsquo;engagement.<\/strong> C\u2019est pourquoi chez <strong>Art\u2019So, <\/strong>agence d\u2019ing\u00e9nierie culturelle, <strong>notre mission est de transformer chaque id\u00e9e en r\u00e9alit\u00e9 artistique impactante.\u00a0<\/strong><\/p>\n<p>Que vous soyez <strong>une collectivit\u00e9, une entreprise ou un artiste, <\/strong>nous concevons et r\u00e9alisons pour vous, des projets qui donnent du sens \u00e0 votre action et renforcent votre image de marque, votre ancrage territorial ou votre mission soci\u00e9tale.<\/p>\n<p><strong>Pr\u00eat(e) \u00e0 explorer de nouveaux territoires ?<\/strong><\/p>\n<p><iframe title=\"Art&#039;So - Fresque Filature Street \/ Lille 2024\" width=\"560\" height=\"315\" data-src=\"https:\/\/www.youtube.com\/embed\/FxOfp5MCYcE?feature=oembed\" frameborder=\"0\" allow=\"accelerometer; autoplay; clipboard-write; encrypted-media; gyroscope; picture-in-picture; web-share\" referrerpolicy=\"strict-origin-when-cross-origin\" allowfullscreen src=\"data:image\/svg+xml;base64,PHN2ZyB3aWR0aD0iMSIgaGVpZ2h0PSIxIiB4bWxucz0iaHR0cDovL3d3dy53My5vcmcvMjAwMC9zdmciPjwvc3ZnPg==\" class=\"lazyload\" data-load-mode=\"1\"><\/iframe><br \/>\n<em>Clip du projet Filature Street &#8211; R\u00e9sidence LMH &#8211; Ville de Lille<\/em><\/p>\n","protected":false},"excerpt":{"rendered":"<p>Transformez-les en exp\u00e9riences artistiques m\u00e9morables avec l\u2019agence Art\u2019So ! L&rsquo;art est un puissant vecteur d&rsquo;\u00e9motion et d&rsquo;engagement. C\u2019est pourquoi chez Art\u2019So, agence d\u2019ing\u00e9nierie culturelle, notre mission est de transformer chaque id\u00e9e en r\u00e9alit\u00e9 artistique impactante.\u00a0 Que vous soyez une collectivit\u00e9, une entreprise ou un artiste, nous concevons et r\u00e9alisons pour vous, des projets qui donnent [&hellip;]<\/p>\n","protected":false},"author":1,"featured_media":0,"parent":0,"menu_order":4,"comment_status":"closed","ping_status":"closed","template":"page-accueil.php","meta":{"footnotes":""},"class_list":["post-2","page","type-page","status-publish","hentry","missing-thumbnail"],"_links":{"self":[{"href":"https:\/\/www.artso.org\/index.php\/wp-json\/wp\/v2\/pages\/2","targetHints":{"allow":["GET"]}}],"collection":[{"href":"https:\/\/www.artso.org\/index.php\/wp-json\/wp\/v2\/pages"}],"about":[{"href":"https:\/\/www.artso.org\/index.php\/wp-json\/wp\/v2\/types\/page"}],"author":[{"embeddable":true,"href":"https:\/\/www.artso.org\/index.php\/wp-json\/wp\/v2\/users\/1"}],"replies":[{"embeddable":true,"href":"https:\/\/www.artso.org\/index.php\/wp-json\/wp\/v2\/comments?post=2"}],"version-history":[{"count":11,"href":"https:\/\/www.artso.org\/index.php\/wp-json\/wp\/v2\/pages\/2\/revisions"}],"predecessor-version":[{"id":9268,"href":"https:\/\/www.artso.org\/index.php\/wp-json\/wp\/v2\/pages\/2\/revisions\/9268"}],"wp:attachment":[{"href":"https:\/\/www.artso.org\/index.php\/wp-json\/wp\/v2\/media?parent=2"}],"curies":[{"name":"wp","href":"https:\/\/api.w.org\/{rel}","templated":true}]}}