{"id":22,"date":"2020-12-03T10:13:35","date_gmt":"2020-12-03T09:13:35","guid":{"rendered":"http:\/\/artsook.cluster030.hosting.ovh.net\/?page_id=22"},"modified":"2020-12-14T10:01:53","modified_gmt":"2020-12-14T09:01:53","slug":"projets","status":"publish","type":"page","link":"https:\/\/www.artso.org\/index.php\/projets\/","title":{"rendered":"Partenaires"},"content":{"rendered":"\n<p class=\"has-text-align-center\">Art\u2019So s\u2019appuie sur un r\u00e9seau de professionnels experts pour constituer une \u00e9quipe d\u00e9di\u00e9e au projet.<\/p>\n\n\n<ul class=\"wp-block-categories-list wp-block-categories\">\t<li class=\"cat-item cat-item-25\"><a href=\"https:\/\/www.artso.org\/index.php\/category\/projet\/\">Projets<\/a> (37)\n<\/li>\n\t<li class=\"cat-item cat-item-27\"><a href=\"https:\/\/www.artso.org\/index.php\/category\/projet\/banksy-humanity-collection\/\">Banksy Humanity Collection<\/a> (3)\n<\/li>\n\t<li class=\"cat-item cat-item-6\"><a href=\"https:\/\/www.artso.org\/index.php\/category\/projet\/edition\/\">\u00c9dition<\/a> (14)\n<\/li>\n\t<li class=\"cat-item cat-item-4\"><a href=\"https:\/\/www.artso.org\/index.php\/category\/projet\/exposition\/\">Exposition<\/a> (12)\n<\/li>\n\t<li class=\"cat-item cat-item-7\"><a href=\"https:\/\/www.artso.org\/index.php\/category\/projet\/jef-aerosol\/\">Jef A\u00e9rosol<\/a> (16)\n<\/li>\n\t<li class=\"cat-item cat-item-10\"><a href=\"https:\/\/www.artso.org\/index.php\/category\/projet\/fresque\/\">Fresque<\/a> (14)\n<\/li>\n\t<li class=\"cat-item cat-item-11\"><a href=\"https:\/\/www.artso.org\/index.php\/category\/projet\/gregory-valentin\/\">Gr\u00e9gory Valentin<\/a> (7)\n<\/li>\n\t<li class=\"cat-item cat-item-183\"><a href=\"https:\/\/www.artso.org\/index.php\/category\/projet\/sandrot\/\">Sandrot<\/a> (4)\n<\/li>\n\t<li class=\"cat-item cat-item-12\"><a href=\"https:\/\/www.artso.org\/index.php\/category\/secours-populaire\/\">Art &amp; Solidarit\u00e9<\/a> (35)\n<\/li>\n\t<li class=\"cat-item cat-item-9\"><a href=\"https:\/\/www.artso.org\/index.php\/category\/secours-populaire\/solidart\/\">Solid&#039;Art<\/a> (25)\n<\/li>\n\t<li class=\"cat-item cat-item-17\"><a href=\"https:\/\/www.artso.org\/index.php\/category\/secours-populaire\/encheres\/\">Vente aux ench\u00e8res<\/a> (10)\n<\/li>\n<\/ul>\n\n\n<hr class=\"wp-block-separator\"\/>\n","protected":false},"excerpt":{"rendered":"<p>Art\u2019So s\u2019appuie sur un r\u00e9seau de professionnels experts pour constituer une \u00e9quipe d\u00e9di\u00e9e au projet.<\/p>\n","protected":false},"author":1,"featured_media":0,"parent":0,"menu_order":9,"comment_status":"closed","ping_status":"closed","template":"","meta":{"footnotes":""},"class_list":["post-22","page","type-page","status-publish","hentry","missing-thumbnail"],"_links":{"self":[{"href":"https:\/\/www.artso.org\/index.php\/wp-json\/wp\/v2\/pages\/22","targetHints":{"allow":["GET"]}}],"collection":[{"href":"https:\/\/www.artso.org\/index.php\/wp-json\/wp\/v2\/pages"}],"about":[{"href":"https:\/\/www.artso.org\/index.php\/wp-json\/wp\/v2\/types\/page"}],"author":[{"embeddable":true,"href":"https:\/\/www.artso.org\/index.php\/wp-json\/wp\/v2\/users\/1"}],"replies":[{"embeddable":true,"href":"https:\/\/www.artso.org\/index.php\/wp-json\/wp\/v2\/comments?post=22"}],"version-history":[{"count":3,"href":"https:\/\/www.artso.org\/index.php\/wp-json\/wp\/v2\/pages\/22\/revisions"}],"predecessor-version":[{"id":308,"href":"https:\/\/www.artso.org\/index.php\/wp-json\/wp\/v2\/pages\/22\/revisions\/308"}],"wp:attachment":[{"href":"https:\/\/www.artso.org\/index.php\/wp-json\/wp\/v2\/media?parent=22"}],"curies":[{"name":"wp","href":"https:\/\/api.w.org\/{rel}","templated":true}]}}